{"id":70400,"date":"2024-01-23T10:17:45","date_gmt":"2024-01-22T23:17:45","guid":{"rendered":"https:\/\/vsk.org.au\/what-we-do\/"},"modified":"2024-07-16T14:56:05","modified_gmt":"2024-07-16T04:56:05","slug":"what-we-do","status":"publish","type":"page","link":"https:\/\/vsk.org.au\/sq\/what-we-do\/","title":{"rendered":"\u00c7far\u00eb b\u00ebjm\u00eb"},"content":{"rendered":"<p>\u00c7far\u00eb b\u00ebjm\u00eb<\/p>\n","protected":false},"excerpt":{"rendered":"<p>\u00c7far\u00eb b\u00ebjm\u00eb<\/p>\n","protected":false},"author":1,"featured_media":68039,"parent":0,"menu_order":0,"comment_status":"closed","ping_status":"closed","template":"","meta":{"_acf_changed":false,"footnotes":""},"class_list":["post-70400","page","type-page","status-publish","has-post-thumbnail","hentry"],"acf":[],"_links":{"self":[{"href":"https:\/\/vsk.org.au\/sq\/wp-json\/wp\/v2\/pages\/70400","targetHints":{"allow":["GET"]}}],"collection":[{"href":"https:\/\/vsk.org.au\/sq\/wp-json\/wp\/v2\/pages"}],"about":[{"href":"https:\/\/vsk.org.au\/sq\/wp-json\/wp\/v2\/types\/page"}],"author":[{"embeddable":true,"href":"https:\/\/vsk.org.au\/sq\/wp-json\/wp\/v2\/users\/1"}],"replies":[{"embeddable":true,"href":"https:\/\/vsk.org.au\/sq\/wp-json\/wp\/v2\/comments?post=70400"}],"version-history":[{"count":1,"href":"https:\/\/vsk.org.au\/sq\/wp-json\/wp\/v2\/pages\/70400\/revisions"}],"predecessor-version":[{"id":70401,"href":"https:\/\/vsk.org.au\/sq\/wp-json\/wp\/v2\/pages\/70400\/revisions\/70401"}],"wp:featuredmedia":[{"embeddable":true,"href":"https:\/\/vsk.org.au\/sq\/wp-json\/wp\/v2\/media\/68039"}],"wp:attachment":[{"href":"https:\/\/vsk.org.au\/sq\/wp-json\/wp\/v2\/media?parent=70400"}],"curies":[{"name":"wp","href":"https:\/\/api.w.org\/{rel}","templated":true}]}}