{"id":74380,"date":"2023-11-27T22:50:00","date_gmt":"2023-11-27T11:50:00","guid":{"rendered":"https:\/\/vsk.org.au\/shtepi\/"},"modified":"2025-05-13T16:22:00","modified_gmt":"2025-05-13T06:22:00","slug":"shtepi","status":"publish","type":"page","link":"https:\/\/vsk.org.au\/sq\/","title":{"rendered":"Sht\u00ebpi"},"content":{"rendered":"<p>palliativ holistik p\u00ebr f\u00ebmij\u00ebt dhe p\u00ebr t\u00eb rinjt\u00eb<\/p>\n","protected":false},"excerpt":{"rendered":"<p>palliativ holistik p\u00ebr f\u00ebmij\u00ebt dhe p\u00ebr t\u00eb rinjt\u00eb<\/p>\n","protected":false},"author":1,"featured_media":68039,"parent":0,"menu_order":0,"comment_status":"closed","ping_status":"closed","template":"","meta":{"_acf_changed":false,"footnotes":""},"class_list":["post-74380","page","type-page","status-publish","has-post-thumbnail","hentry"],"acf":[],"_links":{"self":[{"href":"https:\/\/vsk.org.au\/sq\/wp-json\/wp\/v2\/pages\/74380","targetHints":{"allow":["GET"]}}],"collection":[{"href":"https:\/\/vsk.org.au\/sq\/wp-json\/wp\/v2\/pages"}],"about":[{"href":"https:\/\/vsk.org.au\/sq\/wp-json\/wp\/v2\/types\/page"}],"author":[{"embeddable":true,"href":"https:\/\/vsk.org.au\/sq\/wp-json\/wp\/v2\/users\/1"}],"replies":[{"embeddable":true,"href":"https:\/\/vsk.org.au\/sq\/wp-json\/wp\/v2\/comments?post=74380"}],"version-history":[{"count":2,"href":"https:\/\/vsk.org.au\/sq\/wp-json\/wp\/v2\/pages\/74380\/revisions"}],"predecessor-version":[{"id":74383,"href":"https:\/\/vsk.org.au\/sq\/wp-json\/wp\/v2\/pages\/74380\/revisions\/74383"}],"wp:featuredmedia":[{"embeddable":true,"href":"https:\/\/vsk.org.au\/sq\/wp-json\/wp\/v2\/media\/68039"}],"wp:attachment":[{"href":"https:\/\/vsk.org.au\/sq\/wp-json\/wp\/v2\/media?parent=74380"}],"curies":[{"name":"wp","href":"https:\/\/api.w.org\/{rel}","templated":true}]}}